{"id":234,"date":"2024-05-05T08:35:41","date_gmt":"2024-05-05T08:35:41","guid":{"rendered":"http:\/\/admaioraverona.it\/?page_id=234"},"modified":"2026-03-26T13:19:48","modified_gmt":"2026-03-26T13:19:48","slug":"scuola-di-fili-e-tessuti","status":"publish","type":"page","link":"https:\/\/admaioraverona.it\/en\/scuola-di-fili-e-tessuti\/","title":{"rendered":"Scuola di fili e tessuti"},"content":{"rendered":"<div class=\"wpb-content-wrapper\"><div data-parent=\"true\" class=\"vc_row style-color-854287-bg row-container\" id=\"row-unique-0\"><div class=\"row-background background-element\">\n\t\t\t\t\t\t\t\t\t\t\t<div class=\"background-wrapper\">\n\t\t\t\t\t\t\t\t\t\t\t\t<div class=\"background-inner\" style=\"background-image: url(https:\/\/admaioraverona.it\/wp-content\/uploads\/2025\/02\/foto-pagina-iniziale-scuola-di-fili.jpg);background-repeat: no-repeat;background-position: center bottom;background-attachment: scroll;background-size: cover;\"><\/div>\n\t\t\t\t\t\t\t\t\t\t\t\t<div class=\"block-bg-overlay style-color-jevc-bg\" style=\"opacity: 0.35;\"><\/div>\n\t\t\t\t\t\t\t\t\t\t\t<\/div>\n\t\t\t\t\t\t\t\t\t\t<\/div><div class=\"row unequal exa-top-padding double-bottom-padding single-h-padding limit-width row-parent\"><div class=\"wpb_row row-inner\"><div class=\"wpb_column pos-bottom pos-center align_left column_parent col-lg-12 single-internal-gutter\"><div class=\"uncol style-dark\"  ><div class=\"uncoltable\"><div class=\"uncell no-block-padding\" ><div class=\"uncont\"><div class=\"empty-space empty-double desktop-hidden\" ><span class=\"empty-space-inner\"><\/span><\/div>\n<div class=\"vc_row row-internal row-container\"><div class=\"row row-child\"><div class=\"wpb_row row-inner\"><div class=\"wpb_column pos-top pos-center align_left column_child col-lg-9 half-internal-gutter\"><div class=\"uncol style-dark animate_when_almost_visible alpha-anim\" data-delay=\"200\"><div class=\"uncoltable\"><div class=\"uncell no-block-padding\" ><div class=\"uncont\"><div class=\"vc_custom_heading_wrap\"><div class=\"heading-text el-text\" ><h6 class=\"h6 text-uppercase\" ><span>Corsi<\/span><\/h6><\/div><div class=\"clear\"><\/div><\/div><div class=\"vc_custom_heading_wrap\"><div class=\"heading-text el-text alpha-anim animate_when_almost_visible\" data-delay=\"400\"><h1 class=\"h1\" ><span>Scuola di fili e tessuti<\/span><\/h1><\/div><div class=\"clear\"><\/div><\/div><\/div><\/div><\/div><\/div><\/div><div class=\"wpb_column pos-top pos-center align_left column_child col-lg-3 tablet-hidden mobile-hidden single-internal-gutter\"><div class=\"uncol style-light\" ><div class=\"uncoltable\"><div class=\"uncell no-block-padding\" ><div class=\"uncont\"><\/div><\/div><\/div><\/div><\/div><\/div><\/div><\/div><span class=\"btn-container\" ><a href=\"#introduzione\" class=\"custom-link btn border-width-0 btn-default btn-icon-left\">Scopri di pi\u00f9<\/a><\/span><\/div><\/div><\/div><\/div><\/div><script id=\"script-row-unique-0\" data-row=\"script-row-unique-0\" type=\"text\/javascript\" class=\"vc_controls\">UNCODE.initRow(document.getElementById(\"row-unique-0\"));<\/script><\/div><\/div><\/div><div data-parent=\"true\" class=\"vc_row sfondox row-container onepage-section\" data-label=\"Introduzione\" data-name=\"introduzione\" id=\"row-unique-1\"><div class=\"row-background background-element\">\n\t\t\t\t\t\t\t\t\t\t\t<div class=\"background-wrapper\">\n\t\t\t\t\t\t\t\t\t\t\t\t<div class=\"background-inner\" style=\"background-image: url(https:\/\/admaioraverona.it\/wp-content\/uploads\/2026\/02\/back4.svg);background-repeat: no-repeat;background-position: right top;background-attachment: scroll;background-size: 1600px;\"><\/div>\n\t\t\t\t\t\t\t\t\t\t\t\t\n\t\t\t\t\t\t\t\t\t\t\t<\/div>\n\t\t\t\t\t\t\t\t\t\t<\/div><div class=\"row col-double-gutter double-top-padding double-bottom-padding single-h-padding limit-width row-parent\"><div class=\"wpb_row row-inner\"><div class=\"wpb_column pos-top pos-center align_left column_parent col-lg-12 double-internal-gutter\"><div class=\"uncol style-light\"  ><div class=\"uncoltable\"><div class=\"uncell no-block-padding\" ><div class=\"uncont\"><div id=\"index-26\" class=\"isotope-system isotope-general-light grid-general-light\" >\n\t\t\t\n\t\t\t\t\t\t<div class=\"isotope-wrapper grid-wrapper single-gutter\">\t\t\t\t\t\t<div class=\"isotope-container grid-container isotope-layout style-metro isotope-pagination grid-pagination\" data-type=\"metro\" data-layout=\"masonry\" data-lg=\"1000\" data-md=\"600\" data-sm=\"480\" data-vp-height=\"\">\t\t\t<div class=\"tmb atc-typography-inherit tmb-iso-w12 tmb-iso-h4 tmb-light tmb-content-lateral-left tmb-content-vertical-top tmb-content-size-5 tmb-content-lateral-responsive tmb-content-left tmb-content-mobile-left  grid-cat-34 tmb-id-1435 tmb-content-lateral tmb-media-first\" ><div class=\"t-inside style-color-854287-bg\" ><div class=\"t-entry-visual\"><div class=\"t-entry-visual-tc\"><div class=\"t-entry-visual-cont\"><a tabindex=\"-1\" href=\"https:\/\/admaioraverona.it\/en\/portfolio\/scuola-di-fili-e-tessuti\/\" target=\"_self\" data-lb-index=\"0\"><div class=\"t-entry-visual-overlay\"><div class=\"t-entry-visual-overlay-in style-dark-bg\" style=\"opacity: 0.5;\"><\/div><\/div><div class=\"t-background-cover\" style=\"background-image:url('https:\/\/admaioraverona.it\/wp-content\/uploads\/2025\/02\/foto-pagina-iniziale-scuola-di-fili.jpg')\"><\/div><\/a><\/div>\n\t\t\t\t\t<\/div>\n\t\t\t\t<\/div><div class=\"t-entry-text\">\n\t\t\t\t\t\t\t\t\t<div class=\"t-entry-text-tc double-block-padding\"><div class=\"t-entry\"><h3 class=\"t-entry-title h2 title-scale\"><a href=\"https:\/\/admaioraverona.it\/en\/portfolio\/scuola-di-fili-e-tessuti\/\" target=\"_self\">Scuola di fili e tessuti<\/a><\/h3><div class=\"spacer spacer-one half-space\"><\/div><div class=\"t-entry-excerpt\"><p>L\u2019Associazione ha tra i suoi obiettivi principali la valorizzazione della creativit\u00e0 e la promozione delle ari tessili in tutte le sue forme. Da sempre chi \u00e8 entrato in Ad Maiora ha avuto la possibilit\u00e0 di conoscere l\u2019arte del patchwork e non solo. Da maggio 2026 si \u00e8 dato il via ad una serie di corsi aperti alle socie con l\u2019intento di avviare le nuove al cucito e avvicinarle al patchwork, ma anche per sperimentare e condividere nuove tecniche nell\u2019ottica di rinnovarsi e mettersi alla prova con\u2026<\/p><\/div><\/div><\/div>\n\t\t\t\t\t\t\t<\/div><\/div><\/div><div class=\"tmb atc-typography-inherit tmb-iso-w12 tmb-iso-h4 tmb-light tmb-content-lateral-left tmb-content-vertical-top tmb-content-size-5 tmb-content-lateral-responsive tmb-content-left tmb-content-mobile-left  grid-cat-34 tmb-id-1530 tmb-content-lateral tmb-media-first\" ><div class=\"t-inside style-color-854287-bg\" ><div class=\"t-entry-visual\"><div class=\"t-entry-visual-tc\"><div class=\"t-entry-visual-cont\"><a tabindex=\"-1\" href=\"https:\/\/admaioraverona.it\/en\/portfolio\/cucito-creativo\/\" target=\"_self\" data-lb-index=\"1\"><div class=\"t-entry-visual-overlay\"><div class=\"t-entry-visual-overlay-in style-dark-bg\" style=\"opacity: 0.5;\"><\/div><\/div><div class=\"t-background-cover\" style=\"background-image:url('https:\/\/admaioraverona.it\/wp-content\/uploads\/2025\/02\/foto-corso-trousse-1.jpg')\"><\/div><\/a><\/div>\n\t\t\t\t\t<\/div>\n\t\t\t\t<\/div><div class=\"t-entry-text\">\n\t\t\t\t\t\t\t\t\t<div class=\"t-entry-text-tc double-block-padding\"><div class=\"t-entry\"><h3 class=\"t-entry-title h2 title-scale\"><a href=\"https:\/\/admaioraverona.it\/en\/portfolio\/cucito-creativo\/\" target=\"_self\">Cucito creativo<\/a><\/h3><div class=\"spacer spacer-one half-space\"><\/div><div class=\"t-entry-excerpt\"><p>Si \u00e8 sempre orgogliose di sfoggiare qualcosa di creato da s\u00e9 e questo \u00e8 proprio uno di quei corsi in cui si pu\u00f2 realizzare un oggetto da mettere in mostra quando si lavora o in viaggio, un oggetto versatile ma utilissimo: una trousse raffinata con cerniera, curata nei dettagli. Si richiede una certa dimestichezza con il taglio e l\u2019uso della macchina da cucire.\n\u2028Scegli il tessuto che pi\u00f9 ti piace e realizza un borsone con cerniera che porterai con disinvoltura in viaggio, al lavoro o in\u2026<\/p><\/div><\/div><\/div>\n\t\t\t\t\t\t\t<\/div><\/div><\/div><div class=\"tmb atc-typography-inherit tmb-iso-w12 tmb-iso-h4 tmb-light tmb-content-lateral-left tmb-content-vertical-top tmb-content-size-5 tmb-content-lateral-responsive tmb-content-left tmb-content-mobile-left  grid-cat-34 tmb-id-1997 tmb-content-lateral tmb-media-first\" ><div class=\"t-inside style-color-854287-bg\" ><div class=\"t-entry-visual\"><div class=\"t-entry-visual-tc\"><div class=\"t-entry-visual-cont\"><a tabindex=\"-1\" href=\"https:\/\/admaioraverona.it\/en\/portfolio\/non-solo-patchwork\/\" target=\"_self\" data-lb-index=\"2\"><div class=\"t-entry-visual-overlay\"><div class=\"t-entry-visual-overlay-in style-dark-bg\" style=\"opacity: 0.5;\"><\/div><\/div><div class=\"t-background-cover\" style=\"background-image:url('https:\/\/admaioraverona.it\/wp-content\/uploads\/2026\/02\/WhatsApp-Image-2026-03-31-at-16.10.37.jpeg')\"><\/div><\/a><\/div>\n\t\t\t\t\t<\/div>\n\t\t\t\t<\/div><div class=\"t-entry-text\">\n\t\t\t\t\t\t\t\t\t<div class=\"t-entry-text-tc double-block-padding\"><div class=\"t-entry\"><h3 class=\"t-entry-title h2 title-scale\"><a href=\"https:\/\/admaioraverona.it\/en\/portfolio\/non-solo-patchwork\/\" target=\"_self\">Non solo Patchwork<\/a><\/h3><div class=\"spacer spacer-one half-space\"><\/div><div class=\"t-entry-excerpt\"><p>All\u2019interno dell\u2019associazione la creativit\u00e0 trova spazio e si esprime in molte forme. Accanto al patchwork, proponiamo corsi dedicati ad altre tecniche tessili, pensati per sperimentare nuovi linguaggi, scoprire approcci diversi e arricchire le proprie competenze manuali.\n<\/p><\/div><\/div><\/div>\n\t\t\t\t\t\t\t<\/div><\/div><\/div>\t\t<\/div>\n\t\n\n\t<\/div>\t\t\t<\/div>\n<\/div><\/div><\/div><\/div><\/div><script id=\"script-row-unique-1\" data-row=\"script-row-unique-1\" type=\"text\/javascript\" class=\"vc_controls\">UNCODE.initRow(document.getElementById(\"row-unique-1\"));<\/script><\/div><\/div><\/div>\n<\/div>","protected":false},"excerpt":{"rendered":"All\u2019interno dell\u2019associazione la creativit\u00e0 trova spazio e si esprime in molte forme. Accanto al patchwork, proponiamo corsi dedicati ad altre [...]","protected":false},"author":1,"featured_media":2328,"parent":0,"menu_order":0,"comment_status":"closed","ping_status":"closed","template":"","meta":{"footnotes":""},"class_list":["post-234","page","type-page","status-publish","has-post-thumbnail","hentry"],"yoast_head":"<!-- This site is optimized with the Yoast SEO plugin v23.4 - https:\/\/yoast.com\/wordpress\/plugins\/seo\/ -->\n<title>Scuola di fili e tessuti - Associazione Ad Maiora<\/title>\n<meta name=\"description\" content=\"Il primo Festival di arte tessile in Italia. Mostre, laboratori e appuntamenti per raccontare la cultura del tessuto.\" \/>\n<meta name=\"robots\" content=\"index, follow, max-snippet:-1, max-image-preview:large, max-video-preview:-1\" \/>\n<link rel=\"canonical\" href=\"https:\/\/admaioraverona.it\/en\/scuola-di-fili-e-tessuti\/\" \/>\n<meta property=\"og:locale\" content=\"en_GB\" \/>\n<meta property=\"og:type\" content=\"article\" \/>\n<meta property=\"og:title\" content=\"Archivio Edizioni - Verona Tessile\" \/>\n<meta property=\"og:description\" content=\"Il primo Festival di arte tessile in Italia. Mostre, laboratori e appuntamenti per raccontare la cultura del tessuto.\" \/>\n<meta property=\"og:url\" content=\"https:\/\/admaioraverona.it\/en\/scuola-di-fili-e-tessuti\/\" \/>\n<meta property=\"og:site_name\" content=\"Associazione Ad Maiora\" \/>\n<meta property=\"article:modified_time\" content=\"2026-03-26T13:19:48+00:00\" \/>\n<meta property=\"og:image\" content=\"https:\/\/admaioraverona.it\/wp-content\/uploads\/2024\/06\/Birmingham1.jpg\" \/>\n\t<meta property=\"og:image:width\" content=\"1079\" \/>\n\t<meta property=\"og:image:height\" content=\"1048\" \/>\n\t<meta property=\"og:image:type\" content=\"image\/jpeg\" \/>\n<meta name=\"twitter:card\" content=\"summary_large_image\" \/>\n<meta name=\"twitter:label1\" content=\"Estimated reading time\" \/>\n\t<meta name=\"twitter:data1\" content=\"2 minutes\" \/>\n<script type=\"application\/ld+json\" class=\"yoast-schema-graph\">{\"@context\":\"https:\/\/schema.org\",\"@graph\":[{\"@type\":\"WebPage\",\"@id\":\"https:\/\/admaioraverona.it\/scuola-di-fili-e-tessuti\/\",\"url\":\"https:\/\/admaioraverona.it\/scuola-di-fili-e-tessuti\/\",\"name\":\"Scuola di fili e tessuti - Associazione Ad Maiora\",\"isPartOf\":{\"@id\":\"https:\/\/admaioraverona.it\/#website\"},\"primaryImageOfPage\":{\"@id\":\"https:\/\/admaioraverona.it\/scuola-di-fili-e-tessuti\/#primaryimage\"},\"image\":{\"@id\":\"https:\/\/admaioraverona.it\/scuola-di-fili-e-tessuti\/#primaryimage\"},\"thumbnailUrl\":\"https:\/\/admaioraverona.it\/wp-content\/uploads\/2025\/02\/foto-pagina-iniziale-scuola-di-fili.jpg\",\"datePublished\":\"2024-05-05T08:35:41+00:00\",\"dateModified\":\"2026-03-26T13:19:48+00:00\",\"description\":\"Il primo Festival di arte tessile in Italia. Mostre, laboratori e appuntamenti per raccontare la cultura del tessuto.\",\"breadcrumb\":{\"@id\":\"https:\/\/admaioraverona.it\/scuola-di-fili-e-tessuti\/#breadcrumb\"},\"inLanguage\":\"en-GB\",\"potentialAction\":[{\"@type\":\"ReadAction\",\"target\":[\"https:\/\/admaioraverona.it\/scuola-di-fili-e-tessuti\/\"]}]},{\"@type\":\"ImageObject\",\"inLanguage\":\"en-GB\",\"@id\":\"https:\/\/admaioraverona.it\/scuola-di-fili-e-tessuti\/#primaryimage\",\"url\":\"https:\/\/admaioraverona.it\/wp-content\/uploads\/2025\/02\/foto-pagina-iniziale-scuola-di-fili.jpg\",\"contentUrl\":\"https:\/\/admaioraverona.it\/wp-content\/uploads\/2025\/02\/foto-pagina-iniziale-scuola-di-fili.jpg\",\"width\":942,\"height\":1255},{\"@type\":\"BreadcrumbList\",\"@id\":\"https:\/\/admaioraverona.it\/scuola-di-fili-e-tessuti\/#breadcrumb\",\"itemListElement\":[{\"@type\":\"ListItem\",\"position\":1,\"name\":\"Home\",\"item\":\"https:\/\/admaioraverona.it\/\"},{\"@type\":\"ListItem\",\"position\":2,\"name\":\"Scuola di fili e tessuti\"}]},{\"@type\":\"WebSite\",\"@id\":\"https:\/\/admaioraverona.it\/#website\",\"url\":\"https:\/\/admaioraverona.it\/\",\"name\":\"Associazione Ad Maiora\",\"description\":\"\",\"potentialAction\":[{\"@type\":\"SearchAction\",\"target\":{\"@type\":\"EntryPoint\",\"urlTemplate\":\"https:\/\/admaioraverona.it\/?s={search_term_string}\"},\"query-input\":{\"@type\":\"PropertyValueSpecification\",\"valueRequired\":true,\"valueName\":\"search_term_string\"}}],\"inLanguage\":\"en-GB\"}]}<\/script>\n<!-- \/ Yoast SEO plugin. -->","yoast_head_json":{"title":"Scuola di fili e tessuti - Associazione Ad Maiora","description":"Il primo Festival di arte tessile in Italia. Mostre, laboratori e appuntamenti per raccontare la cultura del tessuto.","robots":{"index":"index","follow":"follow","max-snippet":"max-snippet:-1","max-image-preview":"max-image-preview:large","max-video-preview":"max-video-preview:-1"},"canonical":"https:\/\/admaioraverona.it\/en\/scuola-di-fili-e-tessuti\/","og_locale":"en_GB","og_type":"article","og_title":"Archivio Edizioni - Verona Tessile","og_description":"Il primo Festival di arte tessile in Italia. Mostre, laboratori e appuntamenti per raccontare la cultura del tessuto.","og_url":"https:\/\/admaioraverona.it\/en\/scuola-di-fili-e-tessuti\/","og_site_name":"Associazione Ad Maiora","article_modified_time":"2026-03-26T13:19:48+00:00","og_image":[{"width":1079,"height":1048,"url":"https:\/\/admaioraverona.it\/wp-content\/uploads\/2024\/06\/Birmingham1.jpg","type":"image\/jpeg"}],"twitter_card":"summary_large_image","twitter_misc":{"Estimated reading time":"2 minutes"},"schema":{"@context":"https:\/\/schema.org","@graph":[{"@type":"WebPage","@id":"https:\/\/admaioraverona.it\/scuola-di-fili-e-tessuti\/","url":"https:\/\/admaioraverona.it\/scuola-di-fili-e-tessuti\/","name":"Scuola di fili e tessuti - Associazione Ad Maiora","isPartOf":{"@id":"https:\/\/admaioraverona.it\/#website"},"primaryImageOfPage":{"@id":"https:\/\/admaioraverona.it\/scuola-di-fili-e-tessuti\/#primaryimage"},"image":{"@id":"https:\/\/admaioraverona.it\/scuola-di-fili-e-tessuti\/#primaryimage"},"thumbnailUrl":"https:\/\/admaioraverona.it\/wp-content\/uploads\/2025\/02\/foto-pagina-iniziale-scuola-di-fili.jpg","datePublished":"2024-05-05T08:35:41+00:00","dateModified":"2026-03-26T13:19:48+00:00","description":"Il primo Festival di arte tessile in Italia. Mostre, laboratori e appuntamenti per raccontare la cultura del tessuto.","breadcrumb":{"@id":"https:\/\/admaioraverona.it\/scuola-di-fili-e-tessuti\/#breadcrumb"},"inLanguage":"en-GB","potentialAction":[{"@type":"ReadAction","target":["https:\/\/admaioraverona.it\/scuola-di-fili-e-tessuti\/"]}]},{"@type":"ImageObject","inLanguage":"en-GB","@id":"https:\/\/admaioraverona.it\/scuola-di-fili-e-tessuti\/#primaryimage","url":"https:\/\/admaioraverona.it\/wp-content\/uploads\/2025\/02\/foto-pagina-iniziale-scuola-di-fili.jpg","contentUrl":"https:\/\/admaioraverona.it\/wp-content\/uploads\/2025\/02\/foto-pagina-iniziale-scuola-di-fili.jpg","width":942,"height":1255},{"@type":"BreadcrumbList","@id":"https:\/\/admaioraverona.it\/scuola-di-fili-e-tessuti\/#breadcrumb","itemListElement":[{"@type":"ListItem","position":1,"name":"Home","item":"https:\/\/admaioraverona.it\/"},{"@type":"ListItem","position":2,"name":"Scuola di fili e tessuti"}]},{"@type":"WebSite","@id":"https:\/\/admaioraverona.it\/#website","url":"https:\/\/admaioraverona.it\/","name":"Associazione Ad Maiora","description":"","potentialAction":[{"@type":"SearchAction","target":{"@type":"EntryPoint","urlTemplate":"https:\/\/admaioraverona.it\/?s={search_term_string}"},"query-input":{"@type":"PropertyValueSpecification","valueRequired":true,"valueName":"search_term_string"}}],"inLanguage":"en-GB"}]}},"_links":{"self":[{"href":"https:\/\/admaioraverona.it\/en\/wp-json\/wp\/v2\/pages\/234"}],"collection":[{"href":"https:\/\/admaioraverona.it\/en\/wp-json\/wp\/v2\/pages"}],"about":[{"href":"https:\/\/admaioraverona.it\/en\/wp-json\/wp\/v2\/types\/page"}],"author":[{"embeddable":true,"href":"https:\/\/admaioraverona.it\/en\/wp-json\/wp\/v2\/users\/1"}],"replies":[{"embeddable":true,"href":"https:\/\/admaioraverona.it\/en\/wp-json\/wp\/v2\/comments?post=234"}],"version-history":[{"count":61,"href":"https:\/\/admaioraverona.it\/en\/wp-json\/wp\/v2\/pages\/234\/revisions"}],"predecessor-version":[{"id":2365,"href":"https:\/\/admaioraverona.it\/en\/wp-json\/wp\/v2\/pages\/234\/revisions\/2365"}],"wp:featuredmedia":[{"embeddable":true,"href":"https:\/\/admaioraverona.it\/en\/wp-json\/wp\/v2\/media\/2328"}],"wp:attachment":[{"href":"https:\/\/admaioraverona.it\/en\/wp-json\/wp\/v2\/media?parent=234"}],"curies":[{"name":"wp","href":"https:\/\/api.w.org\/{rel}","templated":true}]}}